{"id":13,"date":"2026-02-03T22:31:17","date_gmt":"2026-02-03T22:31:17","guid":{"rendered":"https:\/\/titanprosolutions.com.mx\/?page_id=13"},"modified":"2026-03-15T19:54:03","modified_gmt":"2026-03-15T19:54:03","slug":"elementor-page-13","status":"publish","type":"page","link":"https:\/\/titanprosolutions.com.mx\/en\/","title":{"rendered":"HOME"},"content":{"rendered":"<div data-elementor-type=\"wp-page\" data-elementor-id=\"13\" class=\"elementor elementor-13\">\n\t\t\t\t<div class=\"elementor-element elementor-element-f9ccae3 e-flex e-con-boxed e-con e-parent\" data-id=\"f9ccae3\" data-element_type=\"container\" data-e-type=\"container\" data-settings=\"{&quot;background_background&quot;:&quot;gradient&quot;}\">\n\t\t\t\t\t<div class=\"e-con-inner\">\n\t\t\t\t<div class=\"elementor-element elementor-element-b4af8e8 elementor-widget elementor-widget-image\" data-id=\"b4af8e8\" data-element_type=\"widget\" data-e-type=\"widget\" data-widget_type=\"image.default\">\n\t\t\t\t\t\t\t\t\t\t\t\t\t\t\t<img fetchpriority=\"high\" decoding=\"async\" width=\"300\" height=\"232\" src=\"https:\/\/titanprosolutions.com.mx\/wp-content\/uploads\/2026\/02\/97811c6e-1427-4608-a493-26715dbd21a3-300x232.png\" class=\"attachment-medium size-medium wp-image-82\" alt=\"\" srcset=\"https:\/\/titanprosolutions.com.mx\/wp-content\/uploads\/2026\/02\/97811c6e-1427-4608-a493-26715dbd21a3-300x232.png 300w, https:\/\/titanprosolutions.com.mx\/wp-content\/uploads\/2026\/02\/97811c6e-1427-4608-a493-26715dbd21a3.png 512w\" sizes=\"(max-width: 300px) 100vw, 300px\" \/>\t\t\t\t\t\t\t\t\t\t\t\t\t\t\t<\/div>\n\t\t\t\t\t<\/div>\n\t\t\t\t<\/div>\n\t\t<div class=\"elementor-element elementor-element-39548b2 e-flex e-con-boxed e-con e-parent\" data-id=\"39548b2\" data-element_type=\"container\" data-e-type=\"container\" data-settings=\"{&quot;background_background&quot;:&quot;gradient&quot;}\">\n\t\t\t\t\t<div class=\"e-con-inner\">\n\t\t\t\t<div class=\"elementor-element elementor-element-4225b2e elementor-widget elementor-widget-heading\" data-id=\"4225b2e\" data-element_type=\"widget\" data-e-type=\"widget\" data-widget_type=\"heading.default\">\n\t\t\t\t\t<h1 class=\"elementor-heading-title elementor-size-default\">Engineering and Technical Inspection for the Protection of Industrial Assets<\/h1>\t\t\t\t<\/div>\n\t\t\t\t<div class=\"elementor-element elementor-element-9214aa7 elementor-align-center elementor-widget elementor-widget-button\" data-id=\"9214aa7\" data-element_type=\"widget\" data-e-type=\"widget\" data-widget_type=\"button.default\">\n\t\t\t\t\t\t\t\t\t\t<a class=\"elementor-button elementor-button-link elementor-size-sm\" href=\"https:\/\/wa.link\/2e55b3\">\n\t\t\t\t\t\t<span class=\"elementor-button-content-wrapper\">\n\t\t\t\t\t\t<span class=\"elementor-button-icon\">\n\t\t\t\t<svg aria-hidden=\"true\" class=\"e-font-icon-svg e-fab-wpforms\" viewbox=\"0 0 448 512\" xmlns=\"http:\/\/www.w3.org\/2000\/svg\"><path d=\"M448 75.2v361.7c0 24.3-19 43.2-43.2 43.2H43.2C19.3 480 0 461.4 0 436.8V75.2C0 51.1 18.8 32 43.2 32h361.7c24 0 43.1 18.8 43.1 43.2zm-37.3 361.6V75.2c0-3-2.6-5.8-5.8-5.8h-9.3L285.3 144 224 94.1 162.8 144 52.5 69.3h-9.3c-3.2 0-5.8 2.8-5.8 5.8v361.7c0 3 2.6 5.8 5.8 5.8h361.7c3.2.1 5.8-2.7 5.8-5.8zM150.2 186v37H76.7v-37h73.5zm0 74.4v37.3H76.7v-37.3h73.5zm11.1-147.3l54-43.7H96.8l64.5 43.7zm210 72.9v37h-196v-37h196zm0 74.4v37.3h-196v-37.3h196zm-84.6-147.3l64.5-43.7H232.8l53.9 43.7zM371.3 335v37.3h-99.4V335h99.4z\"><\/path><\/svg>\t\t\t<\/span>\n\t\t\t\t\t\t\t\t\t<span class=\"elementor-button-text\">Request a technical evaluation<\/span>\n\t\t\t\t\t<\/span>\n\t\t\t\t\t<\/a>\n\t\t\t\t\t\t\t\t<\/div>\n\t\t\t\t<div class=\"elementor-element elementor-element-7332706 elementor-absolute elementor-widget elementor-widget-heading\" data-id=\"7332706\" data-element_type=\"widget\" data-e-type=\"widget\" data-settings=\"{&quot;_position&quot;:&quot;absolute&quot;}\" data-widget_type=\"heading.default\">\n\t\t\t\t\t<h2 class=\"elementor-heading-title elementor-size-default\">Engineering, QA\/QC and International Regulatory Compliance Services.<\/h2>\t\t\t\t<\/div>\n\t\t\t\t<div class=\"elementor-element elementor-element-cb93f58 elementor-widget elementor-widget-text-editor\" data-id=\"cb93f58\" data-element_type=\"widget\" data-e-type=\"widget\" data-widget_type=\"text-editor.default\">\n\t\t\t\t\t\t\t\t\t<p>Specialists in industrial coatings, thermal insulation, passive fire protection and technical prequalification engineering, under international standards.<\/p>\t\t\t\t\t\t\t\t<\/div>\n\t\t\t\t\t<\/div>\n\t\t\t\t<\/div>\n\t\t<div class=\"elementor-element elementor-element-607075b e-grid e-con-full e-con e-parent\" data-id=\"607075b\" data-element_type=\"container\" data-e-type=\"container\">\n\t\t\t\t<div class=\"elementor-element elementor-element-4a113e8 elementor-widget elementor-widget-image\" data-id=\"4a113e8\" data-element_type=\"widget\" data-e-type=\"widget\" data-widget_type=\"image.default\">\n\t\t\t\t\t\t\t\t\t\t\t\t\t\t\t<img decoding=\"async\" width=\"800\" height=\"600\" src=\"https:\/\/titanprosolutions.com.mx\/wp-content\/uploads\/2026\/03\/Imagen1-1024x768.png\" class=\"attachment-large size-large wp-image-806\" alt=\"\" srcset=\"https:\/\/titanprosolutions.com.mx\/wp-content\/uploads\/2026\/03\/Imagen1-1024x768.png 1024w, https:\/\/titanprosolutions.com.mx\/wp-content\/uploads\/2026\/03\/Imagen1-300x225.png 300w, https:\/\/titanprosolutions.com.mx\/wp-content\/uploads\/2026\/03\/Imagen1-768x576.png 768w, https:\/\/titanprosolutions.com.mx\/wp-content\/uploads\/2026\/03\/Imagen1-1536x1152.png 1536w, https:\/\/titanprosolutions.com.mx\/wp-content\/uploads\/2026\/03\/Imagen1-16x12.png 16w, https:\/\/titanprosolutions.com.mx\/wp-content\/uploads\/2026\/03\/Imagen1.png 1646w\" sizes=\"(max-width: 800px) 100vw, 800px\" \/>\t\t\t\t\t\t\t\t\t\t\t\t\t\t\t<\/div>\n\t\t\t\t<div class=\"elementor-element elementor-element-3baf37e elementor-widget elementor-widget-text-editor\" data-id=\"3baf37e\" data-element_type=\"widget\" data-e-type=\"widget\" data-widget_type=\"text-editor.default\">\n\t\t\t\t\t\t\t\t\t<h2 class=\"p1\"><strong>Problem it solves:<\/strong><\/h2><ul><li><span style=\"caret-color: #000000; color: #000000;\">Fallas prematuras <\/span><\/li><li><span style=\"caret-color: #000000; color: #000000;\">Reprocesos<\/span><\/li><li><span style=\"caret-color: #000000; color: #000000;\">No conformidades<\/span><\/li><li style=\"text-align: start; caret-color: #000000; color: #000000;\">Observaciones de auditor\u00eda<\/li><li style=\"text-align: start; caret-color: #000000; color: #000000;\">Riesgo estructural<\/li><\/ul>\t\t\t\t\t\t\t\t<\/div>\n\t\t\t\t<div class=\"elementor-element elementor-element-188b2ca elementor-widget elementor-widget-image\" data-id=\"188b2ca\" data-element_type=\"widget\" data-e-type=\"widget\" data-widget_type=\"image.default\">\n\t\t\t\t\t\t\t\t\t\t\t\t\t\t\t<img decoding=\"async\" width=\"800\" height=\"498\" src=\"https:\/\/titanprosolutions.com.mx\/wp-content\/uploads\/2026\/03\/WhatsApp-Image-2026-02-23-at-15.43.05-1024x637.jpg\" class=\"attachment-large size-large wp-image-807\" alt=\"\" srcset=\"https:\/\/titanprosolutions.com.mx\/wp-content\/uploads\/2026\/03\/WhatsApp-Image-2026-02-23-at-15.43.05-1024x637.jpg 1024w, https:\/\/titanprosolutions.com.mx\/wp-content\/uploads\/2026\/03\/WhatsApp-Image-2026-02-23-at-15.43.05-300x187.jpg 300w, https:\/\/titanprosolutions.com.mx\/wp-content\/uploads\/2026\/03\/WhatsApp-Image-2026-02-23-at-15.43.05-768x478.jpg 768w, https:\/\/titanprosolutions.com.mx\/wp-content\/uploads\/2026\/03\/WhatsApp-Image-2026-02-23-at-15.43.05-1536x955.jpg 1536w, https:\/\/titanprosolutions.com.mx\/wp-content\/uploads\/2026\/03\/WhatsApp-Image-2026-02-23-at-15.43.05-18x12.jpg 18w, https:\/\/titanprosolutions.com.mx\/wp-content\/uploads\/2026\/03\/WhatsApp-Image-2026-02-23-at-15.43.05.jpg 1600w\" sizes=\"(max-width: 800px) 100vw, 800px\" \/>\t\t\t\t\t\t\t\t\t\t\t\t\t\t\t<\/div>\n\t\t\t\t<\/div>\n\t\t<div class=\"elementor-element elementor-element-04bb110 e-grid e-con-full e-con e-parent\" data-id=\"04bb110\" data-element_type=\"container\" data-e-type=\"container\">\n\t\t\t\t<div class=\"elementor-element elementor-element-ca8185c elementor-widget elementor-widget-heading\" data-id=\"ca8185c\" data-element_type=\"widget\" data-e-type=\"widget\" data-widget_type=\"heading.default\">\n\t\t\t\t\t<h1 class=\"elementor-heading-title elementor-size-default\">Services<\/h1>\t\t\t\t<\/div>\n\t\t\t\t<div class=\"elementor-element elementor-element-caff9dc elementor-widget elementor-widget-spacer\" data-id=\"caff9dc\" data-element_type=\"widget\" data-e-type=\"widget\" data-widget_type=\"spacer.default\">\n\t\t\t\t\t\t\t<div class=\"elementor-spacer\">\n\t\t\t<div class=\"elementor-spacer-inner\"><\/div>\n\t\t<\/div>\n\t\t\t\t\t\t<\/div>\n\t\t\t\t<div class=\"elementor-element elementor-element-20f5acf elementor-align-center elementor-widget elementor-widget-button\" data-id=\"20f5acf\" data-element_type=\"widget\" data-e-type=\"widget\" data-widget_type=\"button.default\">\n\t\t\t\t\t\t\t\t\t\t<a class=\"elementor-button elementor-button-link elementor-size-sm\" href=\"https:\/\/wa.link\/2e55b3\">\n\t\t\t\t\t\t<span class=\"elementor-button-content-wrapper\">\n\t\t\t\t\t\t<span class=\"elementor-button-icon\">\n\t\t\t\t<svg aria-hidden=\"true\" class=\"e-font-icon-svg e-fab-whatsapp\" viewbox=\"0 0 448 512\" xmlns=\"http:\/\/www.w3.org\/2000\/svg\"><path d=\"M380.9 97.1C339 55.1 283.2 32 223.9 32c-122.4 0-222 99.6-222 222 0 39.1 10.2 77.3 29.6 111L0 480l117.7-30.9c32.4 17.7 68.9 27 106.1 27h.1c122.3 0 224.1-99.6 224.1-222 0-59.3-25.2-115-67.1-157zm-157 341.6c-33.2 0-65.7-8.9-94-25.7l-6.7-4-69.8 18.3L72 359.2l-4.4-7c-18.5-29.4-28.2-63.3-28.2-98.2 0-101.7 82.8-184.5 184.6-184.5 49.3 0 95.6 19.2 130.4 54.1 34.8 34.9 56.2 81.2 56.1 130.5 0 101.8-84.9 184.6-186.6 184.6zm101.2-138.2c-5.5-2.8-32.8-16.2-37.9-18-5.1-1.9-8.8-2.8-12.5 2.8-3.7 5.6-14.3 18-17.6 21.8-3.2 3.7-6.5 4.2-12 1.4-32.6-16.3-54-29.1-75.5-66-5.7-9.8 5.7-9.1 16.3-30.3 1.8-3.7.9-6.9-.5-9.7-1.4-2.8-12.5-30.1-17.1-41.2-4.5-10.8-9.1-9.3-12.5-9.5-3.2-.2-6.9-.2-10.6-.2-3.7 0-9.7 1.4-14.8 6.9-5.1 5.6-19.4 19-19.4 46.3 0 27.3 19.9 53.7 22.6 57.4 2.8 3.7 39.1 59.7 94.8 83.8 35.2 15.2 49 16.5 66.6 13.9 10.7-1.6 32.8-13.4 37.4-26.4 4.6-13 4.6-24.1 3.2-26.4-1.3-2.5-5-3.9-10.5-6.6z\"><\/path><\/svg>\t\t\t<\/span>\n\t\t\t\t\t\t\t\t\t<span class=\"elementor-button-text\">Contact via WhatsApp<\/span>\n\t\t\t\t\t<\/span>\n\t\t\t\t\t<\/a>\n\t\t\t\t\t\t\t\t<\/div>\n\t\t\t\t<\/div>\n\t\t<div class=\"elementor-element elementor-element-8e7a0ff e-grid e-con-full e-con e-parent\" data-id=\"8e7a0ff\" data-element_type=\"container\" data-e-type=\"container\">\n\t\t\t\t<div class=\"elementor-element elementor-element-63bfb73 elementor-widget elementor-widget-image\" data-id=\"63bfb73\" data-element_type=\"widget\" data-e-type=\"widget\" data-widget_type=\"image.default\">\n\t\t\t\t\t\t\t\t\t\t\t\t\t\t\t\t<a href=\"\/en\/inspeccion-recubrimientos-ampp-nace\/\">\n\t\t\t\t\t\t\t<img loading=\"lazy\" decoding=\"async\" width=\"800\" height=\"800\" src=\"https:\/\/titanprosolutions.com.mx\/wp-content\/uploads\/2026\/03\/1-2.png\" class=\"attachment-large size-large wp-image-798\" alt=\"\" srcset=\"https:\/\/titanprosolutions.com.mx\/wp-content\/uploads\/2026\/03\/1-2.png 1200w, https:\/\/titanprosolutions.com.mx\/wp-content\/uploads\/2026\/03\/1-2-300x300.png 300w, https:\/\/titanprosolutions.com.mx\/wp-content\/uploads\/2026\/03\/1-2-1024x1024.png 1024w, https:\/\/titanprosolutions.com.mx\/wp-content\/uploads\/2026\/03\/1-2-150x150.png 150w, https:\/\/titanprosolutions.com.mx\/wp-content\/uploads\/2026\/03\/1-2-768x768.png 768w, https:\/\/titanprosolutions.com.mx\/wp-content\/uploads\/2026\/03\/1-2-12x12.png 12w\" sizes=\"(max-width: 800px) 100vw, 800px\" \/>\t\t\t\t\t\t\t\t<\/a>\n\t\t\t\t\t\t\t\t\t\t\t\t\t\t\t<\/div>\n\t\t\t\t<div class=\"elementor-element elementor-element-f17f974 elementor-widget elementor-widget-image\" data-id=\"f17f974\" data-element_type=\"widget\" data-e-type=\"widget\" data-widget_type=\"image.default\">\n\t\t\t\t\t\t\t\t\t\t\t\t\t\t\t\t<a href=\"\/en\/inspeccion-de-aislamiento-industrial\/\">\n\t\t\t\t\t\t\t<img loading=\"lazy\" decoding=\"async\" width=\"800\" height=\"800\" src=\"https:\/\/titanprosolutions.com.mx\/wp-content\/uploads\/2026\/03\/2-2.png\" class=\"attachment-large size-large wp-image-799\" alt=\"\" srcset=\"https:\/\/titanprosolutions.com.mx\/wp-content\/uploads\/2026\/03\/2-2.png 1200w, https:\/\/titanprosolutions.com.mx\/wp-content\/uploads\/2026\/03\/2-2-300x300.png 300w, https:\/\/titanprosolutions.com.mx\/wp-content\/uploads\/2026\/03\/2-2-1024x1024.png 1024w, https:\/\/titanprosolutions.com.mx\/wp-content\/uploads\/2026\/03\/2-2-150x150.png 150w, https:\/\/titanprosolutions.com.mx\/wp-content\/uploads\/2026\/03\/2-2-768x768.png 768w, https:\/\/titanprosolutions.com.mx\/wp-content\/uploads\/2026\/03\/2-2-12x12.png 12w\" sizes=\"(max-width: 800px) 100vw, 800px\" \/>\t\t\t\t\t\t\t\t<\/a>\n\t\t\t\t\t\t\t\t\t\t\t\t\t\t\t<\/div>\n\t\t\t\t<div class=\"elementor-element elementor-element-8a5a402 elementor-widget elementor-widget-image\" data-id=\"8a5a402\" data-element_type=\"widget\" data-e-type=\"widget\" data-widget_type=\"image.default\">\n\t\t\t\t\t\t\t\t\t\t\t\t\t\t\t\t<a href=\"\/en\/inspeccion-de-proteccion-pasiva-contra-fuego\/\">\n\t\t\t\t\t\t\t<img loading=\"lazy\" decoding=\"async\" width=\"800\" height=\"800\" src=\"https:\/\/titanprosolutions.com.mx\/wp-content\/uploads\/2026\/03\/3-2.png\" class=\"attachment-large size-large wp-image-800\" alt=\"\" srcset=\"https:\/\/titanprosolutions.com.mx\/wp-content\/uploads\/2026\/03\/3-2.png 1200w, https:\/\/titanprosolutions.com.mx\/wp-content\/uploads\/2026\/03\/3-2-300x300.png 300w, https:\/\/titanprosolutions.com.mx\/wp-content\/uploads\/2026\/03\/3-2-1024x1024.png 1024w, https:\/\/titanprosolutions.com.mx\/wp-content\/uploads\/2026\/03\/3-2-150x150.png 150w, https:\/\/titanprosolutions.com.mx\/wp-content\/uploads\/2026\/03\/3-2-768x768.png 768w, https:\/\/titanprosolutions.com.mx\/wp-content\/uploads\/2026\/03\/3-2-12x12.png 12w\" sizes=\"(max-width: 800px) 100vw, 800px\" \/>\t\t\t\t\t\t\t\t<\/a>\n\t\t\t\t\t\t\t\t\t\t\t\t\t\t\t<\/div>\n\t\t\t\t<div class=\"elementor-element elementor-element-03e7163 elementor-widget elementor-widget-heading\" data-id=\"03e7163\" data-element_type=\"widget\" data-e-type=\"widget\" data-widget_type=\"heading.default\">\n\t\t\t\t\t<h2 class=\"elementor-heading-title elementor-size-default\">Add Your Heading Text Here<\/h2>\t\t\t\t<\/div>\n\t\t\t\t<div class=\"elementor-element elementor-element-5ac9438 elementor-widget elementor-widget-image\" data-id=\"5ac9438\" data-element_type=\"widget\" data-e-type=\"widget\" data-widget_type=\"image.default\">\n\t\t\t\t\t\t\t\t\t\t\t\t\t\t\t\t<a href=\"\/en\/ingenieria-y-supervision-tecnica\/\">\n\t\t\t\t\t\t\t<img loading=\"lazy\" decoding=\"async\" width=\"800\" height=\"800\" src=\"https:\/\/titanprosolutions.com.mx\/wp-content\/uploads\/2026\/03\/4-2.png\" class=\"attachment-large size-large wp-image-801\" alt=\"\" srcset=\"https:\/\/titanprosolutions.com.mx\/wp-content\/uploads\/2026\/03\/4-2.png 1200w, https:\/\/titanprosolutions.com.mx\/wp-content\/uploads\/2026\/03\/4-2-300x300.png 300w, https:\/\/titanprosolutions.com.mx\/wp-content\/uploads\/2026\/03\/4-2-1024x1024.png 1024w, https:\/\/titanprosolutions.com.mx\/wp-content\/uploads\/2026\/03\/4-2-150x150.png 150w, https:\/\/titanprosolutions.com.mx\/wp-content\/uploads\/2026\/03\/4-2-768x768.png 768w, https:\/\/titanprosolutions.com.mx\/wp-content\/uploads\/2026\/03\/4-2-12x12.png 12w\" sizes=\"(max-width: 800px) 100vw, 800px\" \/>\t\t\t\t\t\t\t\t<\/a>\n\t\t\t\t\t\t\t\t\t\t\t\t\t\t\t<\/div>\n\t\t\t\t<\/div>\n\t\t<div class=\"elementor-element elementor-element-b87e5d5 e-grid e-con-full e-con e-parent\" data-id=\"b87e5d5\" data-element_type=\"container\" data-e-type=\"container\">\n\t\t\t\t<div class=\"elementor-element elementor-element-7b9009e elementor-widget elementor-widget-text-editor\" data-id=\"7b9009e\" data-element_type=\"widget\" data-e-type=\"widget\" data-widget_type=\"text-editor.default\">\n\t\t\t\t\t\t\t\t\t<h3><strong>International Support in Industrial Inspection and Security <\/strong><\/h3><p>Current certifications issued by internationally recognized organizations in inspection, corrosion protection, industrial insulation and passive fire protection.<\/p>\t\t\t\t\t\t\t\t<\/div>\n\t\t\t\t<div class=\"elementor-element elementor-element-3489f3f elementor-widget elementor-widget-text-editor\" data-id=\"3489f3f\" data-element_type=\"widget\" data-e-type=\"widget\" data-widget_type=\"text-editor.default\">\n\t\t\t\t\t\t\t\t\t<h3><strong>AMPP Senior Certified Coatings Inspector (NACE CIP Level 3)<\/strong><\/h3><h5><strong>Specialty in Fireproofing Inspection and Insulation Inspection.<\/strong><\/h5><p>Highest level of international certification in industrial coating inspection, with a focus on regulatory compliance, quality control and technical validation of systems.<\/p>\t\t\t\t\t\t\t\t<\/div>\n\t\t\t\t<div class=\"elementor-element elementor-element-e83fbf5 elementor-widget elementor-widget-text-editor\" data-id=\"e83fbf5\" data-element_type=\"widget\" data-e-type=\"widget\" data-widget_type=\"text-editor.default\">\n\t\t\t\t\t\t\t\t\t<h3><strong>Complementary Specialized Certifications<\/strong><\/h3><ul><li>ICORR Pipeline Coating Inspector Level 2<\/li><li>ICORR Coating Inspector Level 2<\/li><li>\u00a0AMPP SSPC Insulation Inspector Level 2<\/li><li>AMPP SSPC Fireproofing Inspector Level 2<\/li><\/ul><p>\u00a0<\/p>\t\t\t\t\t\t\t\t<\/div>\n\t\t\t\t<div class=\"elementor-element elementor-element-9d6a671 elementor-widget__width-initial elementor-widget elementor-widget-text-editor\" data-id=\"9d6a671\" data-element_type=\"widget\" data-e-type=\"widget\" data-widget_type=\"text-editor.default\">\n\t\t\t\t\t\t\t\t\t<p style=\"font-weight: 400;\"><strong>Normativas aplicadas<\/strong><\/p><ul><li><span style=\"font-weight: 400;\">AMPP<\/span><\/li><li><span style=\"font-weight: 400;\">SSPC<\/span><\/li><li><span style=\"font-weight: 400;\">ASTM<\/span><\/li><li><span style=\"font-weight: 400;\">ISO<\/span><\/li><li><span style=\"font-weight: 400;\">NACE<\/span><\/li><\/ul>\t\t\t\t\t\t\t\t<\/div>\n\t\t\t\t<\/div>\n\t\t<div class=\"elementor-element elementor-element-23f71ec e-flex e-con-boxed e-con e-parent\" data-id=\"23f71ec\" data-element_type=\"container\" data-e-type=\"container\">\n\t\t\t\t\t<div class=\"e-con-inner\">\n\t\t\t\t\t<\/div>\n\t\t\t\t<\/div>\n\t\t<div class=\"elementor-element elementor-element-f3f29ee e-con-full e-flex e-con e-parent\" data-id=\"f3f29ee\" data-element_type=\"container\" data-e-type=\"container\">\n\t\t\t\t<div class=\"elementor-element elementor-element-2345571 elementor-widget elementor-widget-text-editor\" data-id=\"2345571\" data-element_type=\"widget\" data-e-type=\"widget\" data-widget_type=\"text-editor.default\">\n\t\t\t\t\t\t\t\t\t<h3><strong>Technical Scope Covered<\/strong><\/h3><p><em>Industrial coatings \u00b7 Energy infrastructure \u00b7 Marine and offshore environments \u00b7 Thermal systems (CUI) \u00b7 Passive fire protection (PFP).<\/em><\/p>\t\t\t\t\t\t\t\t<\/div>\n\t\t\t\t<\/div>\n\t\t\t\t<\/div>","protected":false},"excerpt":{"rendered":"<p>Ingenier\u00eda e Inspecci\u00f3n T\u00e9cnica para la Protecci\u00f3n de Activos Industriales Solicitar evaluaci\u00f3n t\u00e9cnica Servicios de Ingenier\u00eda, QA\/QC y Cumplimiento Normativo Internacional. Especialistas en recubrimientos industriales, aislamiento t\u00e9rmico, protecci\u00f3n pasiva contra incendio e ingenier\u00eda de precalificaci\u00f3n t\u00e9cnica, bajo est\u00e1ndares internacionales. Problema que resuelve: Fallas prematuras Reprocesos No conformidades Observaciones de auditor\u00eda Riesgo estructural Servicios Contactar por [&hellip;]<\/p>\n","protected":false},"author":1,"featured_media":0,"parent":0,"menu_order":0,"comment_status":"closed","ping_status":"closed","template":"elementor_canvas","meta":{"footnotes":""},"class_list":["post-13","page","type-page","status-publish","hentry"],"_links":{"self":[{"href":"https:\/\/titanprosolutions.com.mx\/en\/wp-json\/wp\/v2\/pages\/13","targetHints":{"allow":["GET"]}}],"collection":[{"href":"https:\/\/titanprosolutions.com.mx\/en\/wp-json\/wp\/v2\/pages"}],"about":[{"href":"https:\/\/titanprosolutions.com.mx\/en\/wp-json\/wp\/v2\/types\/page"}],"author":[{"embeddable":true,"href":"https:\/\/titanprosolutions.com.mx\/en\/wp-json\/wp\/v2\/users\/1"}],"replies":[{"embeddable":true,"href":"https:\/\/titanprosolutions.com.mx\/en\/wp-json\/wp\/v2\/comments?post=13"}],"version-history":[{"count":474,"href":"https:\/\/titanprosolutions.com.mx\/en\/wp-json\/wp\/v2\/pages\/13\/revisions"}],"predecessor-version":[{"id":1071,"href":"https:\/\/titanprosolutions.com.mx\/en\/wp-json\/wp\/v2\/pages\/13\/revisions\/1071"}],"wp:attachment":[{"href":"https:\/\/titanprosolutions.com.mx\/en\/wp-json\/wp\/v2\/media?parent=13"}],"curies":[{"name":"wp","href":"https:\/\/api.w.org\/{rel}","templated":true}]}}