{"id":63,"date":"2026-02-19T14:33:13","date_gmt":"2026-02-19T14:33:13","guid":{"rendered":"https:\/\/titanprosolutions.com.mx\/?page_id=63"},"modified":"2026-03-06T20:17:41","modified_gmt":"2026-03-06T20:17:41","slug":"inspeccion-recubrimientos-ampp-nace","status":"publish","type":"page","link":"https:\/\/titanprosolutions.com.mx\/en\/inspeccion-recubrimientos-ampp-nace\/","title":{"rendered":"Inspecci\u00f3n de Recubrimientos AMPP \/ NACE"},"content":{"rendered":"<div data-elementor-type=\"wp-page\" data-elementor-id=\"63\" class=\"elementor elementor-63\">\n\t\t\t\t<div class=\"elementor-element elementor-element-4f1e979 e-flex e-con-boxed e-con e-parent\" data-id=\"4f1e979\" data-element_type=\"container\" data-e-type=\"container\">\n\t\t\t\t\t<div class=\"e-con-inner\">\n\t\t\t\t<div class=\"elementor-element elementor-element-63ab11a elementor-widget elementor-widget-image\" data-id=\"63ab11a\" data-element_type=\"widget\" data-e-type=\"widget\" data-widget_type=\"image.default\">\n\t\t\t\t\t\t\t\t\t\t\t\t\t\t\t<img fetchpriority=\"high\" decoding=\"async\" width=\"300\" height=\"232\" src=\"https:\/\/titanprosolutions.com.mx\/wp-content\/uploads\/2026\/02\/97811c6e-1427-4608-a493-26715dbd21a3-300x232.png\" class=\"attachment-medium size-medium wp-image-82\" alt=\"\" srcset=\"https:\/\/titanprosolutions.com.mx\/wp-content\/uploads\/2026\/02\/97811c6e-1427-4608-a493-26715dbd21a3-300x232.png 300w, https:\/\/titanprosolutions.com.mx\/wp-content\/uploads\/2026\/02\/97811c6e-1427-4608-a493-26715dbd21a3.png 512w\" sizes=\"(max-width: 300px) 100vw, 300px\" \/>\t\t\t\t\t\t\t\t\t\t\t\t\t\t\t<\/div>\n\t\t\t\t\t<\/div>\n\t\t\t\t<\/div>\n\t\t<div class=\"elementor-element elementor-element-966095d e-flex e-con-boxed e-con e-parent\" data-id=\"966095d\" data-element_type=\"container\" data-e-type=\"container\">\n\t\t\t\t\t<div class=\"e-con-inner\">\n\t\t\t\t\t<\/div>\n\t\t\t\t<\/div>\n\t\t<div class=\"elementor-element elementor-element-4171bb1 e-con-full e-flex e-con e-parent\" data-id=\"4171bb1\" data-element_type=\"container\" data-e-type=\"container\">\n\t\t\t\t<div class=\"elementor-element elementor-element-5610bfa elementor-widget elementor-widget-button\" data-id=\"5610bfa\" data-element_type=\"widget\" data-e-type=\"widget\" data-widget_type=\"button.default\">\n\t\t\t\t\t\t\t\t\t\t<a class=\"elementor-button elementor-button-link elementor-size-sm\" href=\"\/en\/elementor-page-13\/\">\n\t\t\t\t\t\t<span class=\"elementor-button-content-wrapper\">\n\t\t\t\t\t\t<span class=\"elementor-button-icon\">\n\t\t\t\t<svg aria-hidden=\"true\" class=\"e-font-icon-svg e-fas-arrow-left\" viewbox=\"0 0 448 512\" xmlns=\"http:\/\/www.w3.org\/2000\/svg\"><path d=\"M257.5 445.1l-22.2 22.2c-9.4 9.4-24.6 9.4-33.9 0L7 273c-9.4-9.4-9.4-24.6 0-33.9L201.4 44.7c9.4-9.4 24.6-9.4 33.9 0l22.2 22.2c9.5 9.5 9.3 25-.4 34.3L136.6 216H424c13.3 0 24 10.7 24 24v32c0 13.3-10.7 24-24 24H136.6l120.5 114.8c9.8 9.3 10 24.8.4 34.3z\"><\/path><\/svg>\t\t\t<\/span>\n\t\t\t\t\t\t\t\t\t<span class=\"elementor-button-text\">Home<\/span>\n\t\t\t\t\t<\/span>\n\t\t\t\t\t<\/a>\n\t\t\t\t\t\t\t\t<\/div>\n\t\t\t\t<div class=\"elementor-element elementor-element-9afa556 elementor-widget elementor-widget-heading\" data-id=\"9afa556\" data-element_type=\"widget\" data-e-type=\"widget\" data-widget_type=\"heading.default\">\n\t\t\t\t\t<h1 class=\"elementor-heading-title elementor-size-default\">Inspection of Industrial Coatings<\/h1>\t\t\t\t<\/div>\n\t\t\t\t<div class=\"elementor-element elementor-element-c25244a elementor-widget elementor-widget-heading\" data-id=\"c25244a\" data-element_type=\"widget\" data-e-type=\"widget\" data-widget_type=\"heading.default\">\n\t\t\t\t\t<h2 class=\"elementor-heading-title elementor-size-default\">Scope of Industrial Coating Inspection<\/h2>\t\t\t\t<\/div>\n\t\t\t\t<div class=\"elementor-element elementor-element-52a0ec2 elementor-widget elementor-widget-text-editor\" data-id=\"52a0ec2\" data-element_type=\"widget\" data-e-type=\"widget\" data-widget_type=\"text-editor.default\">\n\t\t\t\t\t\t\t\t\t<p><strong>Quality Control \u00b7 Asset Integrity \u00b7 International Compliance<\/strong><\/p><p>Industrial coatings are the first line of defense against corrosion. Without expert technical inspection, even the best system can fail prematurely.<\/p><p>We offer independent inspection and quality control under international standards for industrial, marine, offshore and pipeline transport projects.<\/p><p>\u00a0<\/p>\t\t\t\t\t\t\t\t<\/div>\n\t\t\t\t<div class=\"elementor-element elementor-element-7201db0 elementor-align-left elementor-widget elementor-widget-button\" data-id=\"7201db0\" data-element_type=\"widget\" data-e-type=\"widget\" data-widget_type=\"button.default\">\n\t\t\t\t\t\t\t\t\t\t<a class=\"elementor-button elementor-button-link elementor-size-sm\" href=\"https:\/\/wa.link\/6gmgj0\">\n\t\t\t\t\t\t<span class=\"elementor-button-content-wrapper\">\n\t\t\t\t\t\t<span class=\"elementor-button-icon\">\n\t\t\t\t<svg aria-hidden=\"true\" class=\"e-font-icon-svg e-far-address-book\" viewbox=\"0 0 448 512\" xmlns=\"http:\/\/www.w3.org\/2000\/svg\"><path d=\"M436 160c6.6 0 12-5.4 12-12v-40c0-6.6-5.4-12-12-12h-20V48c0-26.5-21.5-48-48-48H48C21.5 0 0 21.5 0 48v416c0 26.5 21.5 48 48 48h320c26.5 0 48-21.5 48-48v-48h20c6.6 0 12-5.4 12-12v-40c0-6.6-5.4-12-12-12h-20v-64h20c6.6 0 12-5.4 12-12v-40c0-6.6-5.4-12-12-12h-20v-64h20zm-68 304H48V48h320v416zM208 256c35.3 0 64-28.7 64-64s-28.7-64-64-64-64 28.7-64 64 28.7 64 64 64zm-89.6 128h179.2c12.4 0 22.4-8.6 22.4-19.2v-19.2c0-31.8-30.1-57.6-67.2-57.6-10.8 0-18.7 8-44.8 8-26.9 0-33.4-8-44.8-8-37.1 0-67.2 25.8-67.2 57.6v19.2c0 10.6 10 19.2 22.4 19.2z\"><\/path><\/svg>\t\t\t<\/span>\n\t\t\t\t\t\t\t\t\t<span class=\"elementor-button-text\">Request a technical inspection<\/span>\n\t\t\t\t\t<\/span>\n\t\t\t\t\t<\/a>\n\t\t\t\t\t\t\t\t<\/div>\n\t\t\t\t<\/div>\n\t\t<div class=\"elementor-element elementor-element-9b29ace e-con-full e-flex e-con e-parent\" data-id=\"9b29ace\" data-element_type=\"container\" data-e-type=\"container\">\n\t\t\t\t<div class=\"elementor-element elementor-element-0880bea elementor-widget elementor-widget-text-editor\" data-id=\"0880bea\" data-element_type=\"widget\" data-e-type=\"widget\" data-widget_type=\"text-editor.default\">\n\t\t\t\t\t\t\t\t\t<p><strong>INTERNATIONAL SUPPORT<\/strong><\/p>\n<p>Service provided by:<\/p>\n<ul>\n<li>AMPP Senior Certified Coatings Inspector<\/li>\n<li>AMPP Certified Coatings Inspector<\/li>\n<li>NACE Coating Inspector Level 2<\/li>\n<li>NACE Coating Inspector Level 1<\/li>\n<li>ICorr Coating Inspector Level 2 (Marine &amp; Offshore)<\/li>\n<li>ICorr Pipeline Coating Inspector Level 2<\/li>\n<\/ul>\n<p>Certifications issued by:<\/p>\n<ul>\n<li>Association for Materials Protection and Performance (AMPP)<\/li>\n<li>NACE International Institute<\/li>\n<li>Institute of Corrosion (ICorr), UK<\/li>\n<\/ul>\n<p>This validates international competence to lead, supervise and document coating inspections in various industrial environments<\/p>\n<p><strong>COMPREHENSIVE TECHNICAL SCOPE<\/strong><\/p>\n<p><strong>Surface Preparation<\/strong><\/p>\n<ul>\n<li>Verification in accordance with SSPC \/ NACE \/ ISO<\/li>\n<li>Abrasive blast cleaning<\/li>\n<li>Anchor profile measurement<\/li>\n<li>Surface pollution assessment<\/li>\n<li>Pre-application inspection<\/li>\n<\/ul>\n<p><strong><br><\/strong><\/p><p><strong>Control During Application<\/strong><\/p>\n<ul>\n<li>Monitoring of environmental conditions<\/li>\n<li>Verification of mixture and shelf life<\/li>\n<li>Wet thickness measurement (WFT)<\/li>\n<li>Supervision according to specification<\/li>\n<\/ul>\n<p><strong><br><\/strong><\/p><p><strong>Post-Application Inspection<\/strong><\/p>\n<ul>\n<li>Dry thickness measurement (DFT)<\/li>\n<li>Holiday detection (high and low voltage)<\/li>\n<li>Adhesion tests<\/li>\n<li>Final visual inspection<\/li>\n<li>Validation against project specification<\/li>\n<\/ul>\n<p><strong><br><\/strong><\/p><p><strong>SPECIALIZATION IN MARINE AND OFFSHORE ENVIRONMENTS<\/strong><\/p>\n<p>Marine environments demand advanced technical control due to:<\/p>\n<ul>\n<li>High salinity<\/li>\n<li>Constant humidity<\/li>\n<li>Severe thermal cycles<\/li>\n<li>splash zone<\/li>\n<\/ul>\n<p>Backed by ICorr (UK) certification for inspection at:<\/p>\n<ul>\n<li>Offshore platforms<\/li>\n<li>Maritime terminals<\/li>\n<li>Coastal infrastructure<\/li>\n<li>Structures exposed to a saline environment<\/li>\n<\/ul>\n<p><strong><br><\/strong><\/p><p><strong>SPECIALIZATION IN PIPELINES AND DUCTS<\/strong><\/p>\n<p>Specific certification in:<\/p>\n<p>ICorr Pipeline Coating Inspector Level 2<\/p>\n<p>Aplications:<\/p>\n<ul>\n<li>Overground pipelines<\/li>\n<li>Field joint coatings<\/li>\n<li>Fusion Bonded Epoxy (FBE)<\/li>\n<li>Buried linings<\/li>\n<li>Linear hydrocarbon transport projects<\/li>\n<\/ul>\n<p>In pipeline projects, quality control of coatings is critical for the long-term integrity of the system.<\/p>\n<p><strong>INDUSTRIAL APPLICATIONS<\/strong><\/p>\n<ul>\n<li>Petrochemical plants<\/li>\n<li>Energy infrastructure<\/li>\n<li>Tanks and pressure vessels<\/li>\n<li>Metal structures<\/li>\n<li>Marine facilities<\/li>\n<li>International projects<\/li>\n<\/ul>\n<p><strong><br><\/strong><\/p>\n<p><strong>BENEFITS FOR YOUR PROJECT<\/strong><\/p>\n<ul>\n<li>Documented technical compliance<\/li>\n<li>Reduction of rework<\/li>\n<li>Longer asset lifespan<\/li>\n<li>Longer asset lifespan<\/li>\n<li>Technical support in audits<\/li>\n<\/ul>\n<p><strong><br><\/strong><\/p>\n<p><strong>PROBLEMAS COMUNES QUE DETECTAMOS<\/strong><\/p>\n<ul>\n<li>Anchor profile out of specification<\/li>\n<li>Unidentified saline contamination<\/li>\n<li>Thicknesses out of range<\/li>\n<li>Application outside of permitted environmental conditions<\/li>\n<li>Undetected discontinuities<\/li>\n<li>Lack of documentary traceability<\/li>\n<\/ul>\n<p><strong><br><\/strong><\/p>\n<p><strong>SERVICE MODALITY<\/strong><\/p>\n<ul>\n<li>Technical inspection per day<\/li>\n<li>Comprehensive project supervision<\/li>\n<li>Independent QA\/QC<\/li>\n<li>Mechanical integrity programs<\/li>\n<li>Support in national and international projects<\/li>\n<\/ul>\t\t\t\t\t\t\t\t<\/div>\n\t\t\t\t<\/div>\n\t\t<div class=\"elementor-element elementor-element-120e99c e-con-full e-flex e-con e-parent\" data-id=\"120e99c\" data-element_type=\"container\" data-e-type=\"container\">\n\t\t\t\t<div class=\"elementor-element elementor-element-7338c21 elementor-widget elementor-widget-heading\" data-id=\"7338c21\" data-element_type=\"widget\" data-e-type=\"widget\" data-widget_type=\"heading.default\">\n\t\t\t\t\t<h2 class=\"elementor-heading-title elementor-size-default\">Corrosion doesn't start when the steel fails.\n\nIt starts when the coating system wasn't properly inspected.<\/h2>\t\t\t\t<\/div>\n\t\t<div class=\"elementor-element elementor-element-8219d84 e-con-full e-flex e-con e-child\" data-id=\"8219d84\" data-element_type=\"container\" data-e-type=\"container\">\n\t\t\t\t<div class=\"elementor-element elementor-element-ea7dd6a elementor-widget__width-initial elementor-widget elementor-widget-heading\" data-id=\"ea7dd6a\" data-element_type=\"widget\" data-e-type=\"widget\" data-widget_type=\"heading.default\">\n\t\t\t\t\t<h2 class=\"elementor-heading-title elementor-size-default\">Industrial Coating Inspection Services \u2013 Mexico\nAMPP \/ NACE Certified Coating Inspector Level 3 providing QA\/QC inspection services for industrial coatings, pipelines, tanks and infrastructure projects.\nAvailable for projects in Mexico, Latin America and offshore environments.\n<\/h2>\t\t\t\t<\/div>\n\t\t\t\t<\/div>\n\t\t\t\t<\/div>\n\t\t<div class=\"elementor-element elementor-element-5a6f016 e-grid e-con-full e-con e-parent\" data-id=\"5a6f016\" data-element_type=\"container\" data-e-type=\"container\">\n\t\t\t\t<div class=\"elementor-element elementor-element-6f525fa elementor-widget elementor-widget-image\" data-id=\"6f525fa\" data-element_type=\"widget\" data-e-type=\"widget\" data-widget_type=\"image.default\">\n\t\t\t\t\t\t\t\t\t\t\t\t\t\t\t<img decoding=\"async\" width=\"800\" height=\"600\" src=\"https:\/\/titanprosolutions.com.mx\/wp-content\/uploads\/2026\/03\/IMG_0188-1024x768.jpg\" class=\"attachment-large size-large wp-image-885\" alt=\"\" srcset=\"https:\/\/titanprosolutions.com.mx\/wp-content\/uploads\/2026\/03\/IMG_0188-1024x768.jpg 1024w, https:\/\/titanprosolutions.com.mx\/wp-content\/uploads\/2026\/03\/IMG_0188-300x225.jpg 300w, https:\/\/titanprosolutions.com.mx\/wp-content\/uploads\/2026\/03\/IMG_0188-768x576.jpg 768w, https:\/\/titanprosolutions.com.mx\/wp-content\/uploads\/2026\/03\/IMG_0188-1536x1152.jpg 1536w, https:\/\/titanprosolutions.com.mx\/wp-content\/uploads\/2026\/03\/IMG_0188-2048x1536.jpg 2048w, https:\/\/titanprosolutions.com.mx\/wp-content\/uploads\/2026\/03\/IMG_0188-16x12.jpg 16w\" sizes=\"(max-width: 800px) 100vw, 800px\" \/>\t\t\t\t\t\t\t\t\t\t\t\t\t\t\t<\/div>\n\t\t\t\t<div class=\"elementor-element elementor-element-8722951 elementor-widget elementor-widget-image\" data-id=\"8722951\" data-element_type=\"widget\" data-e-type=\"widget\" data-widget_type=\"image.default\">\n\t\t\t\t\t\t\t\t\t\t\t\t\t\t\t<img decoding=\"async\" width=\"800\" height=\"600\" src=\"https:\/\/titanprosolutions.com.mx\/wp-content\/uploads\/2026\/03\/IMG_1407-1024x768.jpg\" class=\"attachment-large size-large wp-image-884\" alt=\"\" srcset=\"https:\/\/titanprosolutions.com.mx\/wp-content\/uploads\/2026\/03\/IMG_1407-1024x768.jpg 1024w, https:\/\/titanprosolutions.com.mx\/wp-content\/uploads\/2026\/03\/IMG_1407-300x225.jpg 300w, https:\/\/titanprosolutions.com.mx\/wp-content\/uploads\/2026\/03\/IMG_1407-768x576.jpg 768w, https:\/\/titanprosolutions.com.mx\/wp-content\/uploads\/2026\/03\/IMG_1407-1536x1152.jpg 1536w, https:\/\/titanprosolutions.com.mx\/wp-content\/uploads\/2026\/03\/IMG_1407-2048x1536.jpg 2048w, https:\/\/titanprosolutions.com.mx\/wp-content\/uploads\/2026\/03\/IMG_1407-16x12.jpg 16w\" sizes=\"(max-width: 800px) 100vw, 800px\" \/>\t\t\t\t\t\t\t\t\t\t\t\t\t\t\t<\/div>\n\t\t\t\t<div class=\"elementor-element elementor-element-9faa4fe elementor-widget elementor-widget-image\" data-id=\"9faa4fe\" data-element_type=\"widget\" data-e-type=\"widget\" data-widget_type=\"image.default\">\n\t\t\t\t\t\t\t\t\t\t\t\t\t\t\t<img loading=\"lazy\" decoding=\"async\" width=\"800\" height=\"600\" src=\"https:\/\/titanprosolutions.com.mx\/wp-content\/uploads\/2026\/03\/IMG_0213-1024x768.jpg\" class=\"attachment-large size-large wp-image-883\" alt=\"\" srcset=\"https:\/\/titanprosolutions.com.mx\/wp-content\/uploads\/2026\/03\/IMG_0213-1024x768.jpg 1024w, https:\/\/titanprosolutions.com.mx\/wp-content\/uploads\/2026\/03\/IMG_0213-300x225.jpg 300w, https:\/\/titanprosolutions.com.mx\/wp-content\/uploads\/2026\/03\/IMG_0213-768x576.jpg 768w, https:\/\/titanprosolutions.com.mx\/wp-content\/uploads\/2026\/03\/IMG_0213-1536x1152.jpg 1536w, https:\/\/titanprosolutions.com.mx\/wp-content\/uploads\/2026\/03\/IMG_0213-2048x1536.jpg 2048w, https:\/\/titanprosolutions.com.mx\/wp-content\/uploads\/2026\/03\/IMG_0213-16x12.jpg 16w\" sizes=\"(max-width: 800px) 100vw, 800px\" \/>\t\t\t\t\t\t\t\t\t\t\t\t\t\t\t<\/div>\n\t\t\t\t<div class=\"elementor-element elementor-element-df3d24c elementor-widget elementor-widget-image\" data-id=\"df3d24c\" data-element_type=\"widget\" data-e-type=\"widget\" data-widget_type=\"image.default\">\n\t\t\t\t\t\t\t\t\t\t\t\t\t\t\t<img loading=\"lazy\" decoding=\"async\" width=\"800\" height=\"600\" src=\"https:\/\/titanprosolutions.com.mx\/wp-content\/uploads\/2026\/03\/IMG_1461-1024x768.jpg\" class=\"attachment-large size-large wp-image-882\" alt=\"\" srcset=\"https:\/\/titanprosolutions.com.mx\/wp-content\/uploads\/2026\/03\/IMG_1461-1024x768.jpg 1024w, https:\/\/titanprosolutions.com.mx\/wp-content\/uploads\/2026\/03\/IMG_1461-300x225.jpg 300w, https:\/\/titanprosolutions.com.mx\/wp-content\/uploads\/2026\/03\/IMG_1461-768x576.jpg 768w, https:\/\/titanprosolutions.com.mx\/wp-content\/uploads\/2026\/03\/IMG_1461-1536x1152.jpg 1536w, https:\/\/titanprosolutions.com.mx\/wp-content\/uploads\/2026\/03\/IMG_1461-2048x1536.jpg 2048w, https:\/\/titanprosolutions.com.mx\/wp-content\/uploads\/2026\/03\/IMG_1461-16x12.jpg 16w\" sizes=\"(max-width: 800px) 100vw, 800px\" \/>\t\t\t\t\t\t\t\t\t\t\t\t\t\t\t<\/div>\n\t\t\t\t<\/div>\n\t\t\t\t<\/div>","protected":false},"excerpt":{"rendered":"<p>Inicio Inspecci\u00f3n de Recubrimientos Industriales Alcance de la Inspecci\u00f3n de Recubrimientos Industriales Control de Calidad \u00b7 Integridad de Activos \u00b7 Cumplimiento Internacional Los recubrimientos industriales son la primera l\u00ednea de defensa contra la corrosi\u00f3n. Sin inspecci\u00f3n t\u00e9cnica especializada, incluso el mejor sistema puede fallar prematuramente. Ofrecemos inspecci\u00f3n independiente y control de calidad bajo est\u00e1ndares internacionales [&hellip;]<\/p>\n","protected":false},"author":1,"featured_media":0,"parent":0,"menu_order":0,"comment_status":"closed","ping_status":"closed","template":"elementor_canvas","meta":{"footnotes":""},"class_list":["post-63","page","type-page","status-publish","hentry"],"_links":{"self":[{"href":"https:\/\/titanprosolutions.com.mx\/en\/wp-json\/wp\/v2\/pages\/63","targetHints":{"allow":["GET"]}}],"collection":[{"href":"https:\/\/titanprosolutions.com.mx\/en\/wp-json\/wp\/v2\/pages"}],"about":[{"href":"https:\/\/titanprosolutions.com.mx\/en\/wp-json\/wp\/v2\/types\/page"}],"author":[{"embeddable":true,"href":"https:\/\/titanprosolutions.com.mx\/en\/wp-json\/wp\/v2\/users\/1"}],"replies":[{"embeddable":true,"href":"https:\/\/titanprosolutions.com.mx\/en\/wp-json\/wp\/v2\/comments?post=63"}],"version-history":[{"count":52,"href":"https:\/\/titanprosolutions.com.mx\/en\/wp-json\/wp\/v2\/pages\/63\/revisions"}],"predecessor-version":[{"id":992,"href":"https:\/\/titanprosolutions.com.mx\/en\/wp-json\/wp\/v2\/pages\/63\/revisions\/992"}],"wp:attachment":[{"href":"https:\/\/titanprosolutions.com.mx\/en\/wp-json\/wp\/v2\/media?parent=63"}],"curies":[{"name":"wp","href":"https:\/\/api.w.org\/{rel}","templated":true}]}}