{"id":83,"date":"2026-02-20T04:37:31","date_gmt":"2026-02-20T04:37:31","guid":{"rendered":"https:\/\/titanprosolutions.com.mx\/?page_id=83"},"modified":"2026-03-06T20:50:54","modified_gmt":"2026-03-06T20:50:54","slug":"inspeccion-de-aislamiento-industrial","status":"publish","type":"page","link":"https:\/\/titanprosolutions.com.mx\/en\/inspeccion-de-aislamiento-industrial\/","title":{"rendered":"Industrial Insulation Inspection"},"content":{"rendered":"<div data-elementor-type=\"wp-page\" data-elementor-id=\"83\" class=\"elementor elementor-83\">\n\t\t\t\t<div class=\"elementor-element elementor-element-dcae263 e-flex e-con-boxed e-con e-parent\" data-id=\"dcae263\" data-element_type=\"container\" data-e-type=\"container\">\n\t\t\t\t\t<div class=\"e-con-inner\">\n\t\t\t\t<div class=\"elementor-element elementor-element-32308bd elementor-widget elementor-widget-image\" data-id=\"32308bd\" data-element_type=\"widget\" data-e-type=\"widget\" data-widget_type=\"image.default\">\n\t\t\t\t\t\t\t\t\t\t\t\t\t\t\t<img fetchpriority=\"high\" decoding=\"async\" width=\"300\" height=\"232\" src=\"https:\/\/titanprosolutions.com.mx\/wp-content\/uploads\/2026\/02\/97811c6e-1427-4608-a493-26715dbd21a3-300x232.png\" class=\"attachment-medium size-medium wp-image-82\" alt=\"\" srcset=\"https:\/\/titanprosolutions.com.mx\/wp-content\/uploads\/2026\/02\/97811c6e-1427-4608-a493-26715dbd21a3-300x232.png 300w, https:\/\/titanprosolutions.com.mx\/wp-content\/uploads\/2026\/02\/97811c6e-1427-4608-a493-26715dbd21a3.png 512w\" sizes=\"(max-width: 300px) 100vw, 300px\" \/>\t\t\t\t\t\t\t\t\t\t\t\t\t\t\t<\/div>\n\t\t\t\t\t<\/div>\n\t\t\t\t<\/div>\n\t\t<div class=\"elementor-element elementor-element-5a8ad03 e-con-full e-flex e-con e-parent\" data-id=\"5a8ad03\" data-element_type=\"container\" data-e-type=\"container\">\n\t\t\t\t<div class=\"elementor-element elementor-element-cac493b elementor-widget elementor-widget-button\" data-id=\"cac493b\" data-element_type=\"widget\" data-e-type=\"widget\" data-widget_type=\"button.default\">\n\t\t\t\t\t\t\t\t\t\t<a class=\"elementor-button elementor-button-link elementor-size-sm\" href=\"\/en\/elementor-page-13\/\">\n\t\t\t\t\t\t<span class=\"elementor-button-content-wrapper\">\n\t\t\t\t\t\t<span class=\"elementor-button-icon\">\n\t\t\t\t<svg aria-hidden=\"true\" class=\"e-font-icon-svg e-fas-arrow-left\" viewbox=\"0 0 448 512\" xmlns=\"http:\/\/www.w3.org\/2000\/svg\"><path d=\"M257.5 445.1l-22.2 22.2c-9.4 9.4-24.6 9.4-33.9 0L7 273c-9.4-9.4-9.4-24.6 0-33.9L201.4 44.7c9.4-9.4 24.6-9.4 33.9 0l22.2 22.2c9.5 9.5 9.3 25-.4 34.3L136.6 216H424c13.3 0 24 10.7 24 24v32c0 13.3-10.7 24-24 24H136.6l120.5 114.8c9.8 9.3 10 24.8.4 34.3z\"><\/path><\/svg>\t\t\t<\/span>\n\t\t\t\t\t\t\t\t\t<span class=\"elementor-button-text\">Home<\/span>\n\t\t\t\t\t<\/span>\n\t\t\t\t\t<\/a>\n\t\t\t\t\t\t\t\t<\/div>\n\t\t\t\t<div class=\"elementor-element elementor-element-36a6dd4 elementor-widget elementor-widget-heading\" data-id=\"36a6dd4\" data-element_type=\"widget\" data-e-type=\"widget\" data-widget_type=\"heading.default\">\n\t\t\t\t\t<h1 class=\"elementor-heading-title elementor-size-default\">INDUSTRIAL THERMAL INSULATION<\/h1>\t\t\t\t<\/div>\n\t\t\t\t<div class=\"elementor-element elementor-element-148203f elementor-align-left elementor-widget elementor-widget-button\" data-id=\"148203f\" data-element_type=\"widget\" data-e-type=\"widget\" data-widget_type=\"button.default\">\n\t\t\t\t\t\t\t\t\t\t<a class=\"elementor-button elementor-button-link elementor-size-sm\" href=\"https:\/\/wa.link\/6gmgj0\">\n\t\t\t\t\t\t<span class=\"elementor-button-content-wrapper\">\n\t\t\t\t\t\t<span class=\"elementor-button-icon\">\n\t\t\t\t<svg aria-hidden=\"true\" class=\"e-font-icon-svg e-far-address-book\" viewbox=\"0 0 448 512\" xmlns=\"http:\/\/www.w3.org\/2000\/svg\"><path d=\"M436 160c6.6 0 12-5.4 12-12v-40c0-6.6-5.4-12-12-12h-20V48c0-26.5-21.5-48-48-48H48C21.5 0 0 21.5 0 48v416c0 26.5 21.5 48 48 48h320c26.5 0 48-21.5 48-48v-48h20c6.6 0 12-5.4 12-12v-40c0-6.6-5.4-12-12-12h-20v-64h20c6.6 0 12-5.4 12-12v-40c0-6.6-5.4-12-12-12h-20v-64h20zm-68 304H48V48h320v416zM208 256c35.3 0 64-28.7 64-64s-28.7-64-64-64-64 28.7-64 64 28.7 64 64 64zm-89.6 128h179.2c12.4 0 22.4-8.6 22.4-19.2v-19.2c0-31.8-30.1-57.6-67.2-57.6-10.8 0-18.7 8-44.8 8-26.9 0-33.4-8-44.8-8-37.1 0-67.2 25.8-67.2 57.6v19.2c0 10.6 10 19.2 22.4 19.2z\"><\/path><\/svg>\t\t\t<\/span>\n\t\t\t\t\t\t\t\t\t<span class=\"elementor-button-text\">Request technical inspection<\/span>\n\t\t\t\t\t<\/span>\n\t\t\t\t\t<\/a>\n\t\t\t\t\t\t\t\t<\/div>\n\t\t\t\t<div class=\"elementor-element elementor-element-b89ee0a elementor-widget elementor-widget-text-editor\" data-id=\"b89ee0a\" data-element_type=\"widget\" data-e-type=\"widget\" data-widget_type=\"text-editor.default\">\n\t\t\t\t\t\t\t\t\t<h3><strong>Certified Inspection \u00b7 CUI Prevention \u00b7 Quality Control<\/strong><\/h3><p>Sistemas de aislamiento mal dise\u00f1ados o mal instalados generan p\u00e9rdidas energ\u00e9ticas, ingreso de humedad y fallas prematuras por <strong>Corrosion Under Insulation (CUI).<\/strong><\/p><p>We perform specialized inspections under international standards to guarantee integrity, efficiency and technical compliance in industrial facilities.<\/p><p><strong>INTERNATIONAL SUPPORT<\/strong><\/p><p><strong>Certification that makes a difference<\/strong><\/p><p>The service is provided by:<\/p><ul><li>AMPP Senior Certified Coatings Inspector with Insulation Inspection Specialty<\/li><li>AMPP \/ SSPC Insulation Inspector Level 2<\/li><\/ul><p>Certifications issued by the <strong>AMPP-Association for Materials Protection and Performance.<\/strong><\/p><p>This guarantees formal knowledge in:<\/p><p><img decoding=\"async\" class=\"emoji\" role=\"img\" draggable=\"false\" src=\"https:\/\/s.w.org\/images\/core\/emoji\/17.0.2\/svg\/2714.svg\" alt=\"\u2714\" \/> Insulation design and specification<\/p><p><img decoding=\"async\" class=\"emoji\" role=\"img\" draggable=\"false\" src=\"https:\/\/s.w.org\/images\/core\/emoji\/17.0.2\/svg\/2714.svg\" alt=\"\u2714\" \/>\u00a0Field inspection<\/p><p><img decoding=\"async\" class=\"emoji\" role=\"img\" draggable=\"false\" src=\"https:\/\/s.w.org\/images\/core\/emoji\/17.0.2\/svg\/2714.svg\" alt=\"\u2714\" \/> International regulations<\/p><p><img decoding=\"async\" class=\"emoji\" role=\"img\" draggable=\"false\" src=\"https:\/\/s.w.org\/images\/core\/emoji\/17.0.2\/svg\/2714.svg\" alt=\"\u2714\" \/> Prevention and assessment of UCI<\/p><p><img decoding=\"async\" class=\"emoji\" role=\"img\" draggable=\"false\" src=\"https:\/\/s.w.org\/images\/core\/emoji\/17.0.2\/svg\/2714.svg\" alt=\"\u2714\" \/> Quality control in installation<\/p><p><strong>SCOPE OF SERVICE<\/strong><\/p><p><strong>Inspection of Insulation Systems<\/strong><\/p><ul><li>Evaluation according to technical specifications<\/li><li>Verification of insulating materials<\/li><li>Vapor barrier inspection<\/li><li>Inspection of hot and cold lines<\/li><li>Evaluation of protective coating systems<\/li><\/ul><p><strong>\u00a0<\/strong><\/p><p><strong>Assessment and Prevention of UTI<\/strong><\/p><p>CUI is one of the main causes of loss of integrity in industrial assets.<\/p><p>We carry out:<\/p><ul><li>Identification of critical areas<\/li><li>Inspection of seals and penetrations<\/li><li>Moisture intake assessment<\/li><li>Moisture intake assessment<\/li><li>Corrective technical recommendations<\/li><\/ul><p><strong>\u00a0<\/strong><\/p><p><strong>Quality Assurance and Control (QA\/QC)<\/strong><\/p><ul><li>Technical supervision in the field<\/li><li>Validation against international standards<\/li><li>Verification of insulation thicknesses<\/li><li>Structured technical reports<\/li><li>Documentation for audits and end clients<\/li><\/ul><p><strong>\u00a0<\/strong><\/p><p><strong>INDUSTRIAL APPLICATIONS<\/strong><\/p><ul><li>Processing plants<\/li><li>Energy sectors<\/li><li>Petrochemical<\/li><li>Offshore and marine infrastructure<\/li><li>Process pipes<\/li><li>High and low temperature equipment<\/li><li>Pressure vessels<\/li><li>Tanks<\/li><\/ul><h4><strong>\u00a0<\/strong><\/h4><h4><strong>BENEFITS FOR YOUR PROJECT<\/strong><\/h4><ul><li>Reduction of the risk of CUI<\/li><li>Greater energy efficiency<\/li><li>Extension of the useful life of assets<\/li><li>Regulatory compliance<\/li><li>Reduction of corrective costs<\/li><\/ul><p><strong>\u00a0<\/strong><\/p><p><strong>SERVICE MODALITY<\/strong><\/p><ul><li>\u00a0By technical day<\/li><li>By project<\/li><li>Integrated with coating inspection<\/li><li>Mechanical integrity programs<\/li><\/ul>\t\t\t\t\t\t\t\t<\/div>\n\t\t\t\t<\/div>\n\t\t<div class=\"elementor-element elementor-element-ea0851e e-flex e-con-boxed e-con e-parent\" data-id=\"ea0851e\" data-element_type=\"container\" data-e-type=\"container\">\n\t\t\t\t\t<div class=\"e-con-inner\">\n\t\t\t\t<div class=\"elementor-element elementor-element-445d8ab elementor-widget elementor-widget-heading\" data-id=\"445d8ab\" data-element_type=\"widget\" data-e-type=\"widget\" data-widget_type=\"heading.default\">\n\t\t\t\t\t<h2 class=\"elementor-heading-title elementor-size-default\">El aislamiento t\u00e9rmico no es un accesorio.\n\nEs un sistema cr\u00edtico de integridad industrial.<\/h2>\t\t\t\t<\/div>\n\t\t\t\t\t<\/div>\n\t\t\t\t<\/div>\n\t\t<div class=\"elementor-element elementor-element-45db01b e-con-full e-flex e-con e-parent\" data-id=\"45db01b\" data-element_type=\"container\" data-e-type=\"container\">\n\t\t\t\t<div class=\"elementor-element elementor-element-0d09ad3 elementor-widget elementor-widget-text-editor\" data-id=\"0d09ad3\" data-element_type=\"widget\" data-e-type=\"widget\" data-widget_type=\"text-editor.default\">\n\t\t\t\t\t\t\t\t\t<p style=\"font-weight: 400;\"><strong>Industrial Insulation Inspection Services \u2013 Mexico<\/strong><\/p><p style=\"font-weight: 400;\">Inspection of industrial thermal insulation systems and evaluation of corrosion under insulation (CUI) risks in accordance with international standards.<\/p><p style=\"font-weight: 400;\">Services include inspection of insulation systems, vapor barriers, jacketing systems and corrosion under insulation assessment.<\/p>\t\t\t\t\t\t\t\t<\/div>\n\t\t\t\t<\/div>\n\t\t<div class=\"elementor-element elementor-element-5595d94 e-grid e-con-boxed e-con e-parent\" data-id=\"5595d94\" data-element_type=\"container\" data-e-type=\"container\">\n\t\t\t\t\t<div class=\"e-con-inner\">\n\t\t\t\t<div class=\"elementor-element elementor-element-55855a3 elementor-widget elementor-widget-image\" data-id=\"55855a3\" data-element_type=\"widget\" data-e-type=\"widget\" data-widget_type=\"image.default\">\n\t\t\t\t\t\t\t\t\t\t\t\t\t\t\t<img decoding=\"async\" width=\"800\" height=\"351\" src=\"https:\/\/titanprosolutions.com.mx\/wp-content\/uploads\/2026\/03\/WhatsApp-Image-2026-03-06-at-14.39.35.jpeg\" class=\"attachment-large size-large wp-image-1033\" alt=\"\" srcset=\"https:\/\/titanprosolutions.com.mx\/wp-content\/uploads\/2026\/03\/WhatsApp-Image-2026-03-06-at-14.39.35.jpeg 940w, https:\/\/titanprosolutions.com.mx\/wp-content\/uploads\/2026\/03\/WhatsApp-Image-2026-03-06-at-14.39.35-300x132.jpeg 300w, https:\/\/titanprosolutions.com.mx\/wp-content\/uploads\/2026\/03\/WhatsApp-Image-2026-03-06-at-14.39.35-768x337.jpeg 768w, https:\/\/titanprosolutions.com.mx\/wp-content\/uploads\/2026\/03\/WhatsApp-Image-2026-03-06-at-14.39.35-18x8.jpeg 18w\" sizes=\"(max-width: 800px) 100vw, 800px\" \/>\t\t\t\t\t\t\t\t\t\t\t\t\t\t\t<\/div>\n\t\t\t\t<div class=\"elementor-element elementor-element-905ac7a elementor-widget elementor-widget-image\" data-id=\"905ac7a\" data-element_type=\"widget\" data-e-type=\"widget\" data-widget_type=\"image.default\">\n\t\t\t\t\t\t\t\t\t\t\t\t\t\t\t<img decoding=\"async\" width=\"800\" height=\"508\" src=\"https:\/\/titanprosolutions.com.mx\/wp-content\/uploads\/2026\/03\/WhatsApp-Image-2026-03-06-at-14.39.35-1.jpeg\" class=\"attachment-large size-large wp-image-1032\" alt=\"\" srcset=\"https:\/\/titanprosolutions.com.mx\/wp-content\/uploads\/2026\/03\/WhatsApp-Image-2026-03-06-at-14.39.35-1.jpeg 940w, https:\/\/titanprosolutions.com.mx\/wp-content\/uploads\/2026\/03\/WhatsApp-Image-2026-03-06-at-14.39.35-1-300x191.jpeg 300w, https:\/\/titanprosolutions.com.mx\/wp-content\/uploads\/2026\/03\/WhatsApp-Image-2026-03-06-at-14.39.35-1-768x488.jpeg 768w, https:\/\/titanprosolutions.com.mx\/wp-content\/uploads\/2026\/03\/WhatsApp-Image-2026-03-06-at-14.39.35-1-18x12.jpeg 18w\" sizes=\"(max-width: 800px) 100vw, 800px\" \/>\t\t\t\t\t\t\t\t\t\t\t\t\t\t\t<\/div>\n\t\t\t\t<div class=\"elementor-element elementor-element-b5f1f92 elementor-widget elementor-widget-image\" data-id=\"b5f1f92\" data-element_type=\"widget\" data-e-type=\"widget\" data-widget_type=\"image.default\">\n\t\t\t\t\t\t\t\t\t\t\t\t\t\t\t<img loading=\"lazy\" decoding=\"async\" width=\"800\" height=\"600\" src=\"https:\/\/titanprosolutions.com.mx\/wp-content\/uploads\/2026\/03\/WhatsApp-Image-2026-02-24-at-10.24.34-1024x768.jpg\" class=\"attachment-large size-large wp-image-828\" alt=\"\" srcset=\"https:\/\/titanprosolutions.com.mx\/wp-content\/uploads\/2026\/03\/WhatsApp-Image-2026-02-24-at-10.24.34-1024x768.jpg 1024w, https:\/\/titanprosolutions.com.mx\/wp-content\/uploads\/2026\/03\/WhatsApp-Image-2026-02-24-at-10.24.34-300x225.jpg 300w, https:\/\/titanprosolutions.com.mx\/wp-content\/uploads\/2026\/03\/WhatsApp-Image-2026-02-24-at-10.24.34-768x576.jpg 768w, https:\/\/titanprosolutions.com.mx\/wp-content\/uploads\/2026\/03\/WhatsApp-Image-2026-02-24-at-10.24.34-1536x1152.jpg 1536w, https:\/\/titanprosolutions.com.mx\/wp-content\/uploads\/2026\/03\/WhatsApp-Image-2026-02-24-at-10.24.34-16x12.jpg 16w, https:\/\/titanprosolutions.com.mx\/wp-content\/uploads\/2026\/03\/WhatsApp-Image-2026-02-24-at-10.24.34.jpg 1600w\" sizes=\"(max-width: 800px) 100vw, 800px\" \/>\t\t\t\t\t\t\t\t\t\t\t\t\t\t\t<\/div>\n\t\t\t\t\t<\/div>\n\t\t\t\t<\/div>\n\t\t\t\t<\/div>","protected":false},"excerpt":{"rendered":"<p>Inicio AISLAMIENTO T\u00c9RMICO INDUSTRIAL Solicitar inspecci\u00f3n t\u00e9cnica Inspecci\u00f3n Certificada \u00b7 Prevenci\u00f3n de CUI \u00b7 Control de Calidad Sistemas de aislamiento mal dise\u00f1ados o mal instalados generan p\u00e9rdidas energ\u00e9ticas, ingreso de humedad y fallas prematuras por Corrosi\u00f3n Bajo Aislamiento (CUI). Realizamos inspecci\u00f3n especializada bajo est\u00e1ndares internacionales para garantizar integridad, eficiencia y cumplimiento t\u00e9cnico en instalaciones industriales. [&hellip;]<\/p>\n","protected":false},"author":1,"featured_media":0,"parent":0,"menu_order":0,"comment_status":"closed","ping_status":"closed","template":"elementor_canvas","meta":{"footnotes":""},"class_list":["post-83","page","type-page","status-publish","hentry"],"_links":{"self":[{"href":"https:\/\/titanprosolutions.com.mx\/en\/wp-json\/wp\/v2\/pages\/83","targetHints":{"allow":["GET"]}}],"collection":[{"href":"https:\/\/titanprosolutions.com.mx\/en\/wp-json\/wp\/v2\/pages"}],"about":[{"href":"https:\/\/titanprosolutions.com.mx\/en\/wp-json\/wp\/v2\/types\/page"}],"author":[{"embeddable":true,"href":"https:\/\/titanprosolutions.com.mx\/en\/wp-json\/wp\/v2\/users\/1"}],"replies":[{"embeddable":true,"href":"https:\/\/titanprosolutions.com.mx\/en\/wp-json\/wp\/v2\/comments?post=83"}],"version-history":[{"count":127,"href":"https:\/\/titanprosolutions.com.mx\/en\/wp-json\/wp\/v2\/pages\/83\/revisions"}],"predecessor-version":[{"id":1036,"href":"https:\/\/titanprosolutions.com.mx\/en\/wp-json\/wp\/v2\/pages\/83\/revisions\/1036"}],"wp:attachment":[{"href":"https:\/\/titanprosolutions.com.mx\/en\/wp-json\/wp\/v2\/media?parent=83"}],"curies":[{"name":"wp","href":"https:\/\/api.w.org\/{rel}","templated":true}]}}