{"id":88,"date":"2026-02-20T04:42:15","date_gmt":"2026-02-20T04:42:15","guid":{"rendered":"https:\/\/titanprosolutions.com.mx\/?page_id=88"},"modified":"2026-03-06T20:37:48","modified_gmt":"2026-03-06T20:37:48","slug":"inspeccion-de-proteccion-pasiva-contra-fuego","status":"publish","type":"page","link":"https:\/\/titanprosolutions.com.mx\/en\/inspeccion-de-proteccion-pasiva-contra-fuego\/","title":{"rendered":"Passive Fire Protection Inspection"},"content":{"rendered":"<div data-elementor-type=\"wp-page\" data-elementor-id=\"88\" class=\"elementor elementor-88\">\n\t\t\t\t<div class=\"elementor-element elementor-element-a2ce295 e-flex e-con-boxed e-con e-parent\" data-id=\"a2ce295\" data-element_type=\"container\" data-e-type=\"container\">\n\t\t\t\t\t<div class=\"e-con-inner\">\n\t\t\t\t<div class=\"elementor-element elementor-element-7f3e75f elementor-widget elementor-widget-image\" data-id=\"7f3e75f\" data-element_type=\"widget\" data-e-type=\"widget\" data-widget_type=\"image.default\">\n\t\t\t\t\t\t\t\t\t\t\t\t\t\t\t<img fetchpriority=\"high\" decoding=\"async\" width=\"300\" height=\"232\" src=\"https:\/\/titanprosolutions.com.mx\/wp-content\/uploads\/2026\/02\/97811c6e-1427-4608-a493-26715dbd21a3-300x232.png\" class=\"attachment-medium size-medium wp-image-82\" alt=\"\" srcset=\"https:\/\/titanprosolutions.com.mx\/wp-content\/uploads\/2026\/02\/97811c6e-1427-4608-a493-26715dbd21a3-300x232.png 300w, https:\/\/titanprosolutions.com.mx\/wp-content\/uploads\/2026\/02\/97811c6e-1427-4608-a493-26715dbd21a3.png 512w\" sizes=\"(max-width: 300px) 100vw, 300px\" \/>\t\t\t\t\t\t\t\t\t\t\t\t\t\t\t<\/div>\n\t\t\t\t\t<\/div>\n\t\t\t\t<\/div>\n\t\t<div class=\"elementor-element elementor-element-205c2c9 e-con-full e-flex e-con e-parent\" data-id=\"205c2c9\" data-element_type=\"container\" data-e-type=\"container\">\n\t\t\t\t<div class=\"elementor-element elementor-element-5fb615b elementor-widget elementor-widget-button\" data-id=\"5fb615b\" data-element_type=\"widget\" data-e-type=\"widget\" data-widget_type=\"button.default\">\n\t\t\t\t\t\t\t\t\t\t<a class=\"elementor-button elementor-button-link elementor-size-sm\" href=\"\/en\/elementor-page-13\/\">\n\t\t\t\t\t\t<span class=\"elementor-button-content-wrapper\">\n\t\t\t\t\t\t<span class=\"elementor-button-icon\">\n\t\t\t\t<svg aria-hidden=\"true\" class=\"e-font-icon-svg e-fas-arrow-left\" viewbox=\"0 0 448 512\" xmlns=\"http:\/\/www.w3.org\/2000\/svg\"><path d=\"M257.5 445.1l-22.2 22.2c-9.4 9.4-24.6 9.4-33.9 0L7 273c-9.4-9.4-9.4-24.6 0-33.9L201.4 44.7c9.4-9.4 24.6-9.4 33.9 0l22.2 22.2c9.5 9.5 9.3 25-.4 34.3L136.6 216H424c13.3 0 24 10.7 24 24v32c0 13.3-10.7 24-24 24H136.6l120.5 114.8c9.8 9.3 10 24.8.4 34.3z\"><\/path><\/svg>\t\t\t<\/span>\n\t\t\t\t\t\t\t\t\t<span class=\"elementor-button-text\">Home<\/span>\n\t\t\t\t\t<\/span>\n\t\t\t\t\t<\/a>\n\t\t\t\t\t\t\t\t<\/div>\n\t\t\t\t<div class=\"elementor-element elementor-element-742014e elementor-widget elementor-widget-heading\" data-id=\"742014e\" data-element_type=\"widget\" data-e-type=\"widget\" data-widget_type=\"heading.default\">\n\t\t\t\t\t<h1 class=\"elementor-heading-title elementor-size-default\">PASSIVE FIRE PROTECTION (FIREPROOFING)<\/h1>\t\t\t\t<\/div>\n\t\t\t\t<div class=\"elementor-element elementor-element-a2d2917 elementor-widget elementor-widget-text-editor\" data-id=\"a2d2917\" data-element_type=\"widget\" data-e-type=\"widget\" data-widget_type=\"text-editor.default\">\n\t\t\t\t\t\t\t\t\t<h4><strong>Certified Inspection \u00b7 Thickness Control \u00b7 Regulatory Compliance<\/strong><\/h4><p>Passive fire protection is a critical industrial safety system. Improper installation can compromise structural integrity in the event of a fire.<\/p><p>We perform specialized inspection of fireproofing systems under international standards, guaranteeing performance, compliance and technical traceability.<\/p>\t\t\t\t\t\t\t\t<\/div>\n\t\t\t\t<div class=\"elementor-element elementor-element-8fcf707 elementor-widget elementor-widget-button\" data-id=\"8fcf707\" data-element_type=\"widget\" data-e-type=\"widget\" data-widget_type=\"button.default\">\n\t\t\t\t\t\t\t\t\t\t<a class=\"elementor-button elementor-button-link elementor-size-sm\" href=\"https:\/\/wa.link\/6gmgj0\">\n\t\t\t\t\t\t<span class=\"elementor-button-content-wrapper\">\n\t\t\t\t\t\t<span class=\"elementor-button-icon\">\n\t\t\t\t<svg aria-hidden=\"true\" class=\"e-font-icon-svg e-far-address-book\" viewbox=\"0 0 448 512\" xmlns=\"http:\/\/www.w3.org\/2000\/svg\"><path d=\"M436 160c6.6 0 12-5.4 12-12v-40c0-6.6-5.4-12-12-12h-20V48c0-26.5-21.5-48-48-48H48C21.5 0 0 21.5 0 48v416c0 26.5 21.5 48 48 48h320c26.5 0 48-21.5 48-48v-48h20c6.6 0 12-5.4 12-12v-40c0-6.6-5.4-12-12-12h-20v-64h20c6.6 0 12-5.4 12-12v-40c0-6.6-5.4-12-12-12h-20v-64h20zm-68 304H48V48h320v416zM208 256c35.3 0 64-28.7 64-64s-28.7-64-64-64-64 28.7-64 64 28.7 64 64 64zm-89.6 128h179.2c12.4 0 22.4-8.6 22.4-19.2v-19.2c0-31.8-30.1-57.6-67.2-57.6-10.8 0-18.7 8-44.8 8-26.9 0-33.4-8-44.8-8-37.1 0-67.2 25.8-67.2 57.6v19.2c0 10.6 10 19.2 22.4 19.2z\"><\/path><\/svg>\t\t\t<\/span>\n\t\t\t\t\t\t\t\t\t<span class=\"elementor-button-text\">Request a technical inspection<\/span>\n\t\t\t\t\t<\/span>\n\t\t\t\t\t<\/a>\n\t\t\t\t\t\t\t\t<\/div>\n\t\t\t\t<div class=\"elementor-element elementor-element-db6dfe9 elementor-widget__width-initial elementor-widget elementor-widget-text-editor\" data-id=\"db6dfe9\" data-element_type=\"widget\" data-e-type=\"widget\" data-widget_type=\"text-editor.default\">\n\t\t\t\t\t\t\t\t\t<p><strong>INTERNATIONAL SUPPORT<\/strong><\/p><p><strong>Specialized Certification in Fireproofing<\/strong><\/p><p>Service provided by:<\/p><ul><li>AMPP Senior Certified Coatings Inspector with Fireproofing Specialty<\/li><li>AMPP \/ SSPC Fireproofing Inspector Level 2<\/li><\/ul><p>Certifications issued by the <strong>Association for Materials Protection and Performance (AMPP).<\/strong><\/p><p>This guarantees formal knowledge in:<\/p><p><img decoding=\"async\" class=\"emoji\" role=\"img\" draggable=\"false\" src=\"https:\/\/s.w.org\/images\/core\/emoji\/17.0.2\/svg\/2714.svg\" alt=\"\u2714\" \/> Passive fire protection (PFP)<\/p><p><img decoding=\"async\" class=\"emoji\" role=\"img\" draggable=\"false\" src=\"https:\/\/s.w.org\/images\/core\/emoji\/17.0.2\/svg\/2714.svg\" alt=\"\u2714\" \/> Intumescent coatings<\/p><p><img decoding=\"async\" class=\"emoji\" role=\"img\" draggable=\"false\" src=\"https:\/\/s.w.org\/images\/core\/emoji\/17.0.2\/svg\/2714.svg\" alt=\"\u2714\" \/> Cementitious systems and spray-applied fire-resistant materials (SFRM)<\/p><p><img decoding=\"async\" class=\"emoji\" role=\"img\" draggable=\"false\" src=\"https:\/\/s.w.org\/images\/core\/emoji\/17.0.2\/svg\/2714.svg\" alt=\"\u2714\" \/> Thickness and density inspection<\/p><p><img decoding=\"async\" class=\"emoji\" role=\"img\" draggable=\"false\" src=\"https:\/\/s.w.org\/images\/core\/emoji\/17.0.2\/svg\/2714.svg\" alt=\"\u2714\" \/> International standards and quality control<\/p><p><strong>SCOPE OF SERVICE<\/strong><\/p><p><strong>Inspection of Intumescent Systems<\/strong><\/p><ul><li>Surface preparation verification<\/li><li>DFT (Dry Film Thickness) Validation<\/li><li>Revisi\u00f3n de compatibilidad de sistemas<\/li><li>Application inspection<\/li><li>Evaluation of curing and environmental conditions<\/li><\/ul><p><strong>\u00a0<\/strong><\/p><p><strong>I<\/strong><strong style=\"text-align: var(--text-align); font-size: 1rem;\">Cementitious Fireproofing (SFRM) inspection<\/strong><\/p><ul><li>Applied thickness control<\/li><li>Density measurement<\/li><li>Adhesion verification<\/li><li>Inspection of reinforcements and meshes<\/li><li>Review of construction details<\/li><\/ul><p><strong>\u00a0<\/strong><\/p><p><strong>Quality Assurance and Control (QA\/QC)<\/strong><\/p><ul><li>Technical supervision in the field<\/li><li>Validation against project specifications<\/li><li>Inspection in accordance with international standards<\/li><li>Documented technical reports<\/li><li>Support for audits and end customers<\/li><\/ul><p><strong>\u00a0<\/strong><\/p><p><strong>APPLICATIONS<\/strong><\/p><ul><li>Industrial metal structures<\/li><li>Petrochemical plants<\/li><li>Offshore platforms<\/li><li>Energy infrastructure<\/li><li>Pipe Racks<\/li><li>Structural columns and beams<\/li><\/ul><p><strong>\u00a0<\/strong><\/p><h3><strong>BENEFITS FOR YOUR PROJECT<\/strong><\/h3><p>Regulatory compliance in fire protection<\/p><ul><li>Independent validation of critical thicknesses<\/li><li>Reduction of structural risks<\/li><li>Technical documentation for audits<\/li><li>Operational and regulatory safety<\/li><\/ul><p><strong>\u00a0<\/strong><\/p><p><strong>SERVICE MODALITY<\/strong><\/p><ul><li>By technical day<\/li><li>Project supervision<\/li><li>Integration with coating inspection<\/li><li>Technical compliance audits<\/li><\/ul><p><strong>\u00a0<\/strong><\/p><p>\u00a0<\/p>\t\t\t\t\t\t\t\t<\/div>\n\t\t\t\t<div class=\"elementor-element elementor-element-96544d8 elementor-widget elementor-widget-heading\" data-id=\"96544d8\" data-element_type=\"widget\" data-e-type=\"widget\" data-widget_type=\"heading.default\">\n\t\t\t\t\t<h2 class=\"elementor-heading-title elementor-size-default\">Fire protection is not about aesthetics.\n\nIt's a structural safety system that must be inspected according to certified standards.<\/h2>\t\t\t\t<\/div>\n\t\t\t\t<\/div>\n\t\t<div class=\"elementor-element elementor-element-1df0e66 e-flex e-con-boxed e-con e-parent\" data-id=\"1df0e66\" data-element_type=\"container\" data-e-type=\"container\">\n\t\t\t\t\t<div class=\"e-con-inner\">\n\t\t\t\t<div class=\"elementor-element elementor-element-2b037d1 elementor-widget elementor-widget-text-editor\" data-id=\"2b037d1\" data-element_type=\"widget\" data-e-type=\"widget\" data-widget_type=\"text-editor.default\">\n\t\t\t\t\t\t\t\t\t<p><strong>Passive Fire Protection Inspection Services \u2013 Mexico<\/strong><br \/>Inspection of passive fire protection (PFP) systems including intumescent coatings and cementitious fireproofing applied to structural steel.<br \/>Performed in accordance with international fire protection and coating inspection standards.<\/p>\t\t\t\t\t\t\t\t<\/div>\n\t\t\t\t\t<\/div>\n\t\t\t\t<\/div>\n\t\t<div class=\"elementor-element elementor-element-7874478 e-grid e-con-full e-con e-parent\" data-id=\"7874478\" data-element_type=\"container\" data-e-type=\"container\">\n\t\t\t\t<div class=\"elementor-element elementor-element-67d89ed elementor-widget elementor-widget-image\" data-id=\"67d89ed\" data-element_type=\"widget\" data-e-type=\"widget\" data-widget_type=\"image.default\">\n\t\t\t\t\t\t\t\t\t\t\t\t\t\t\t<img decoding=\"async\" width=\"768\" height=\"1024\" src=\"https:\/\/titanprosolutions.com.mx\/wp-content\/uploads\/2026\/03\/WhatsApp-Image-2026-02-23-at-12.44.25-768x1024.jpeg\" class=\"attachment-large size-large wp-image-874\" alt=\"\" srcset=\"https:\/\/titanprosolutions.com.mx\/wp-content\/uploads\/2026\/03\/WhatsApp-Image-2026-02-23-at-12.44.25-768x1024.jpeg 768w, https:\/\/titanprosolutions.com.mx\/wp-content\/uploads\/2026\/03\/WhatsApp-Image-2026-02-23-at-12.44.25-225x300.jpeg 225w, https:\/\/titanprosolutions.com.mx\/wp-content\/uploads\/2026\/03\/WhatsApp-Image-2026-02-23-at-12.44.25-9x12.jpeg 9w, https:\/\/titanprosolutions.com.mx\/wp-content\/uploads\/2026\/03\/WhatsApp-Image-2026-02-23-at-12.44.25.jpeg 960w\" sizes=\"(max-width: 768px) 100vw, 768px\" \/>\t\t\t\t\t\t\t\t\t\t\t\t\t\t\t<\/div>\n\t\t\t\t<div class=\"elementor-element elementor-element-b5e5a1e elementor-widget elementor-widget-image\" data-id=\"b5e5a1e\" data-element_type=\"widget\" data-e-type=\"widget\" data-widget_type=\"image.default\">\n\t\t\t\t\t\t\t\t\t\t\t\t\t\t\t<img decoding=\"async\" width=\"768\" height=\"1024\" src=\"https:\/\/titanprosolutions.com.mx\/wp-content\/uploads\/2026\/03\/WhatsApp-Image-2026-02-23-at-12.52.36-768x1024.jpeg\" class=\"attachment-large size-large wp-image-872\" alt=\"\" srcset=\"https:\/\/titanprosolutions.com.mx\/wp-content\/uploads\/2026\/03\/WhatsApp-Image-2026-02-23-at-12.52.36-768x1024.jpeg 768w, https:\/\/titanprosolutions.com.mx\/wp-content\/uploads\/2026\/03\/WhatsApp-Image-2026-02-23-at-12.52.36-225x300.jpeg 225w, https:\/\/titanprosolutions.com.mx\/wp-content\/uploads\/2026\/03\/WhatsApp-Image-2026-02-23-at-12.52.36-9x12.jpeg 9w, https:\/\/titanprosolutions.com.mx\/wp-content\/uploads\/2026\/03\/WhatsApp-Image-2026-02-23-at-12.52.36.jpeg 960w\" sizes=\"(max-width: 768px) 100vw, 768px\" \/>\t\t\t\t\t\t\t\t\t\t\t\t\t\t\t<\/div>\n\t\t\t\t<div class=\"elementor-element elementor-element-33daa5d elementor-widget elementor-widget-image\" data-id=\"33daa5d\" data-element_type=\"widget\" data-e-type=\"widget\" data-widget_type=\"image.default\">\n\t\t\t\t\t\t\t\t\t\t\t\t\t\t\t<img loading=\"lazy\" decoding=\"async\" width=\"800\" height=\"600\" src=\"https:\/\/titanprosolutions.com.mx\/wp-content\/uploads\/2026\/03\/WhatsApp-Image-2026-02-23-at-12.44.23-1024x768.jpeg\" class=\"attachment-large size-large wp-image-873\" alt=\"\" srcset=\"https:\/\/titanprosolutions.com.mx\/wp-content\/uploads\/2026\/03\/WhatsApp-Image-2026-02-23-at-12.44.23-1024x768.jpeg 1024w, https:\/\/titanprosolutions.com.mx\/wp-content\/uploads\/2026\/03\/WhatsApp-Image-2026-02-23-at-12.44.23-300x225.jpeg 300w, https:\/\/titanprosolutions.com.mx\/wp-content\/uploads\/2026\/03\/WhatsApp-Image-2026-02-23-at-12.44.23-768x576.jpeg 768w, https:\/\/titanprosolutions.com.mx\/wp-content\/uploads\/2026\/03\/WhatsApp-Image-2026-02-23-at-12.44.23-16x12.jpeg 16w, https:\/\/titanprosolutions.com.mx\/wp-content\/uploads\/2026\/03\/WhatsApp-Image-2026-02-23-at-12.44.23.jpeg 1280w\" sizes=\"(max-width: 800px) 100vw, 800px\" \/>\t\t\t\t\t\t\t\t\t\t\t\t\t\t\t<\/div>\n\t\t\t\t<div class=\"elementor-element elementor-element-09ffbb5 elementor-widget elementor-widget-image\" data-id=\"09ffbb5\" data-element_type=\"widget\" data-e-type=\"widget\" data-widget_type=\"image.default\">\n\t\t\t\t\t\t\t\t\t\t\t\t\t\t\t<img loading=\"lazy\" decoding=\"async\" width=\"800\" height=\"600\" src=\"https:\/\/titanprosolutions.com.mx\/wp-content\/uploads\/2026\/03\/WhatsApp-Image-2026-02-23-at-12.44.27-1024x768.jpeg\" class=\"attachment-large size-large wp-image-871\" alt=\"\" srcset=\"https:\/\/titanprosolutions.com.mx\/wp-content\/uploads\/2026\/03\/WhatsApp-Image-2026-02-23-at-12.44.27-1024x768.jpeg 1024w, https:\/\/titanprosolutions.com.mx\/wp-content\/uploads\/2026\/03\/WhatsApp-Image-2026-02-23-at-12.44.27-300x225.jpeg 300w, https:\/\/titanprosolutions.com.mx\/wp-content\/uploads\/2026\/03\/WhatsApp-Image-2026-02-23-at-12.44.27-768x576.jpeg 768w, https:\/\/titanprosolutions.com.mx\/wp-content\/uploads\/2026\/03\/WhatsApp-Image-2026-02-23-at-12.44.27-16x12.jpeg 16w, https:\/\/titanprosolutions.com.mx\/wp-content\/uploads\/2026\/03\/WhatsApp-Image-2026-02-23-at-12.44.27.jpeg 1280w\" sizes=\"(max-width: 800px) 100vw, 800px\" \/>\t\t\t\t\t\t\t\t\t\t\t\t\t\t\t<\/div>\n\t\t\t\t<\/div>\n\t\t\t\t<\/div>","protected":false},"excerpt":{"rendered":"<p>Inicio PROTECCI\u00d3N PASIVA CONTRA EL FUEGO (FIREPROOFING) Inspecci\u00f3n Certificada \u00b7 Control de Espesores \u00b7 Cumplimiento Normativo La protecci\u00f3n pasiva contra incendio es un sistema cr\u00edtico de seguridad industrial. Una instalaci\u00f3n incorrecta puede comprometer la integridad estructural en caso de siniestro. Realizamos inspecci\u00f3n especializada de sistemas de fireproofing bajo est\u00e1ndares internacionales, garantizando desempe\u00f1o, cumplimiento y trazabilidad [&hellip;]<\/p>\n","protected":false},"author":1,"featured_media":0,"parent":0,"menu_order":0,"comment_status":"closed","ping_status":"closed","template":"elementor_canvas","meta":{"footnotes":""},"class_list":["post-88","page","type-page","status-publish","hentry"],"_links":{"self":[{"href":"https:\/\/titanprosolutions.com.mx\/en\/wp-json\/wp\/v2\/pages\/88","targetHints":{"allow":["GET"]}}],"collection":[{"href":"https:\/\/titanprosolutions.com.mx\/en\/wp-json\/wp\/v2\/pages"}],"about":[{"href":"https:\/\/titanprosolutions.com.mx\/en\/wp-json\/wp\/v2\/types\/page"}],"author":[{"embeddable":true,"href":"https:\/\/titanprosolutions.com.mx\/en\/wp-json\/wp\/v2\/users\/1"}],"replies":[{"embeddable":true,"href":"https:\/\/titanprosolutions.com.mx\/en\/wp-json\/wp\/v2\/comments?post=88"}],"version-history":[{"count":79,"href":"https:\/\/titanprosolutions.com.mx\/en\/wp-json\/wp\/v2\/pages\/88\/revisions"}],"predecessor-version":[{"id":1019,"href":"https:\/\/titanprosolutions.com.mx\/en\/wp-json\/wp\/v2\/pages\/88\/revisions\/1019"}],"wp:attachment":[{"href":"https:\/\/titanprosolutions.com.mx\/en\/wp-json\/wp\/v2\/media?parent=88"}],"curies":[{"name":"wp","href":"https:\/\/api.w.org\/{rel}","templated":true}]}}